{"id":66,"date":"2024-10-31T12:46:08","date_gmt":"2024-10-31T12:46:08","guid":{"rendered":"http:\/\/wp.beaurepairepreschool.com\/?page_id=66"},"modified":"2025-01-25T00:16:43","modified_gmt":"2025-01-25T00:16:43","slug":"teachers","status":"publish","type":"page","link":"https:\/\/beaurepairepreschool.com\/fr\/teachers\/","title":{"rendered":"Nos Enseignants"},"content":{"rendered":"<p>[et_pb_section fb_built=&#8221;1&#8243; fullwidth=&#8221;on&#8221; next_background_color=&#8221;#ffffff&#8221; admin_label=&#8221;Header&#8221; _builder_version=&#8221;4.16&#8243; background_color=&#8221;#fa6d5e&#8221; background_image=&#8221;http:\/\/wp.beaurepairepreschool.com\/wp-content\/uploads\/2024\/10\/day_care_bg_02.png&#8221; parallax=&#8221;on&#8221; custom_margin=&#8221;||&#8221; custom_padding=&#8221;||&#8221; bottom_divider_style=&#8221;waves&#8221; bottom_divider_height=&#8221;2vw&#8221; bottom_divider_height_last_edited=&#8221;off|desktop&#8221; global_colors_info=&#8221;{}&#8221;][et_pb_fullwidth_header title=&#8221;Meet our Teachers&#8221; text_orientation=&#8221;center&#8221; content_max_width=&#8221;650px&#8221; _builder_version=&#8221;4.27.4&#8243; title_font=&#8221;Fredoka One||||||||&#8221; title_font_size=&#8221;80px&#8221; title_line_height=&#8221;1.4em&#8221; content_font=&#8221;Muli||||||||&#8221; content_font_size=&#8221;18px&#8221; content_line_height=&#8221;1.8em&#8221; subhead_font=&#8221;||||||||&#8221; background_color=&#8221;rgba(126,190,197,0)&#8221; custom_button_one=&#8221;on&#8221; button_one_text_size=&#8221;16px&#8221; button_one_text_color=&#8221;#ff236c&#8221; button_one_bg_color=&#8221;#ffffff&#8221; button_one_border_width=&#8221;12px&#8221; button_one_border_color=&#8221;rgba(0,0,0,0)&#8221; button_one_border_radius=&#8221;50px&#8221; button_one_letter_spacing=&#8221;4px&#8221; button_one_font=&#8221;Fredoka One|||on|||||&#8221; button_one_use_icon=&#8221;off&#8221; custom_button_two=&#8221;on&#8221; button_two_text_size=&#8221;16px&#8221; button_two_text_color=&#8221;#ff236c&#8221; button_two_bg_color=&#8221;#ffffff&#8221; button_two_border_width=&#8221;12px&#8221; button_two_border_color=&#8221;#ffffff&#8221; button_two_border_radius=&#8221;50px&#8221; button_two_letter_spacing=&#8221;4px&#8221; button_two_font=&#8221;Fredoka One|900||on|||||&#8221; button_two_use_icon=&#8221;off&#8221; custom_margin=&#8221;||||false&#8221; custom_padding=&#8221;8vw||8vw||true&#8221; custom_padding_last_edited=&#8221;off|desktop&#8221; animation_style=&#8221;zoom&#8221; animation_intensity_zoom=&#8221;5%&#8221; title_font_size_tablet=&#8221;60px&#8221; title_font_size_phone=&#8221;40px&#8221; title_font_size_last_edited=&#8221;on|phone&#8221; content_font_size_tablet=&#8221;&#8221; content_font_size_phone=&#8221;16px&#8221; content_font_size_last_edited=&#8221;on|phone&#8221; custom_css_header_container=&#8221;width: 100%;&#8221; title_text_shadow_style=&#8221;preset1&#8243; title_text_shadow_blur_strength=&#8221;0.14em&#8221; title_text_shadow_color=&#8221;rgba(0,0,0,0.12)&#8221; box_shadow_style_button_one=&#8221;preset3&#8243; box_shadow_blur_button_one=&#8221;48px&#8221; button_one_letter_spacing_hover=&#8221;4px&#8221; button_two_letter_spacing_hover=&#8221;4px&#8221; global_colors_info=&#8221;{}&#8221; button_one_text_size__hover_enabled=&#8221;off&#8221; button_two_text_size__hover_enabled=&#8221;off&#8221; button_one_text_color__hover_enabled=&#8221;off&#8221; button_two_text_color__hover_enabled=&#8221;off&#8221; button_one_border_width__hover_enabled=&#8221;off&#8221; button_two_border_width__hover_enabled=&#8221;off&#8221; button_one_border_color__hover_enabled=&#8221;off&#8221; button_two_border_color__hover_enabled=&#8221;off&#8221; button_one_border_radius__hover_enabled=&#8221;off&#8221; button_two_border_radius__hover_enabled=&#8221;off&#8221; button_one_letter_spacing__hover_enabled=&#8221;on&#8221; button_one_letter_spacing__hover=&#8221;4px&#8221; button_two_letter_spacing__hover_enabled=&#8221;on&#8221; button_two_letter_spacing__hover=&#8221;4px&#8221; button_one_bg_color__hover_enabled=&#8221;off&#8221; button_two_bg_color__hover_enabled=&#8221;off&#8221; background_color__hover=&#8221;#7EBEC5&#8243; background_color__hover_enabled=&#8221;#7EBEC5&#8243; use_background_color_gradient__hover=&#8221;off&#8221; use_background_color_gradient__hover_enabled=&#8221;off&#8221; background_color_gradient_start__hover=&#8221;#2b87da&#8221; background_color_gradient_start__hover_enabled=&#8221;#2b87da&#8221; background_color_gradient_end__hover=&#8221;#29c4a9&#8243; background_color_gradient_end__hover_enabled=&#8221;#29c4a9&#8243; background_color_gradient_type__hover=&#8221;linear&#8221; background_color_gradient_type__hover_enabled=&#8221;linear&#8221; background_color_gradient_direction__hover=&#8221;180deg&#8221; background_color_gradient_direction__hover_enabled=&#8221;180deg&#8221; background_color_gradient_direction_radial__hover=&#8221;center&#8221; background_color_gradient_direction_radial__hover_enabled=&#8221;center&#8221; background_color_gradient_start_position__hover=&#8221;0%&#8221; background_color_gradient_start_position__hover_enabled=&#8221;0%&#8221; background_color_gradient_end_position__hover=&#8221;100%&#8221; background_color_gradient_end_position__hover_enabled=&#8221;100%&#8221; background_color_gradient_overlays_image__hover=&#8221;off&#8221; background_color_gradient_overlays_image__hover_enabled=&#8221;off&#8221; parallax__hover=&#8221;off&#8221; parallax__hover_enabled=&#8221;off&#8221; parallax_method__hover=&#8221;off&#8221; parallax_method__hover_enabled=&#8221;off&#8221; background_size__hover=&#8221;cover&#8221; background_size__hover_enabled=&#8221;cover&#8221; background_position__hover=&#8221;center&#8221; background_position__hover_enabled=&#8221;center&#8221; background_repeat__hover=&#8221;no-repeat&#8221; background_repeat__hover_enabled=&#8221;no-repeat&#8221; background_blend__hover=&#8221;normal&#8221; background_blend__hover_enabled=&#8221;normal&#8221; allow_player_pause__hover=&#8221;off&#8221; allow_player_pause__hover_enabled=&#8221;off&#8221; background_video_pause_outside_viewport__hover=&#8221;on&#8221; background_video_pause_outside_viewport__hover_enabled=&#8221;on&#8221; background_color_gradient_stops__hover=&#8221;#2b87da 0%|#29c4a9 100%&#8221;][\/et_pb_fullwidth_header][\/et_pb_section][et_pb_section fb_built=&#8221;1&#8243; admin_label=&#8221;Fees&#8221; _builder_version=&#8221;4.16&#8243; parallax=&#8221;on&#8221; module_alignment=&#8221;right&#8221; custom_padding=&#8221;6vw||||false|false&#8221; top_divider_style=&#8221;waves&#8221; top_divider_color=&#8221;#ffffff&#8221; top_divider_height=&#8221;6vw&#8221; top_divider_repeat=&#8221;0.75x&#8221; top_divider_flip=&#8221;vertical&#8221; box_shadow_style=&#8221;preset6&#8243; box_shadow_vertical=&#8221;100px&#8221; box_shadow_blur=&#8221;140px&#8221; box_shadow_spread=&#8221;-40px&#8221; box_shadow_color=&#8221;rgba(0,0,0,0.07)&#8221; global_colors_info=&#8221;{}&#8221; border_radii__hover=&#8221;on||||&#8221; border_radii__hover_enabled=&#8221;on||||&#8221;][et_pb_row _builder_version=&#8221;4.16&#8243; global_colors_info=&#8221;{}&#8221;][et_pb_column type=&#8221;4_4&#8243; _builder_version=&#8221;4.16&#8243; custom_padding=&#8221;|||&#8221; global_colors_info=&#8221;{}&#8221; custom_padding__hover=&#8221;|||&#8221;][et_pb_text _builder_version=&#8221;4.16&#8243; text_font=&#8221;||||||||&#8221; header_font=&#8221;||||||||&#8221; header_2_font=&#8221;Fredoka One||||||||&#8221; header_2_font_size=&#8221;42px&#8221; header_2_line_height=&#8221;1.2em&#8221; header_2_font_size_tablet=&#8221;&#8221; header_2_font_size_phone=&#8221;30px&#8221; header_2_font_size_last_edited=&#8221;on|phone&#8221; locked=&#8221;off&#8221; global_colors_info=&#8221;{}&#8221;]<\/p>\n<h2>Un Message de la part de Miss Sandra et Miss Jennifer<\/h2>\n<p>[\/et_pb_text][\/et_pb_column][\/et_pb_row][et_pb_row column_structure=&#8221;1_2,1_2&#8243; _builder_version=&#8221;4.16&#8243; global_colors_info=&#8221;{}&#8221;][et_pb_column type=&#8221;1_2&#8243; _builder_version=&#8221;4.16&#8243; custom_padding=&#8221;|||&#8221; global_colors_info=&#8221;{}&#8221; custom_padding__hover=&#8221;|||&#8221;][et_pb_image src=&#8221;http:\/\/wp.beaurepairepreschool.com\/wp-content\/uploads\/2024\/11\/BNGMSSANDRA-scaled.jpg&#8221; title_text=&#8221;BNGMSSANDRA&#8221; align=&#8221;center&#8221; _builder_version=&#8221;4.27.4&#8243; _module_preset=&#8221;default&#8221; hover_enabled=&#8221;0&#8243; global_colors_info=&#8221;{}&#8221; theme_builder_area=&#8221;post_content&#8221; sticky_enabled=&#8221;0&#8243;][\/et_pb_image][\/et_pb_column][et_pb_column type=&#8221;1_2&#8243; _builder_version=&#8221;4.16&#8243; custom_padding=&#8221;|||&#8221; global_colors_info=&#8221;{}&#8221; custom_padding__hover=&#8221;|||&#8221;][et_pb_image src=&#8221;http:\/\/wp.beaurepairepreschool.com\/wp-content\/uploads\/2024\/11\/BNGMSJENNIFER-scaled.jpg&#8221; _builder_version=&#8221;4.27.4&#8243; _module_preset=&#8221;default&#8221; title_text=&#8221;BNGMSJENNIFER&#8221; hover_enabled=&#8221;0&#8243; sticky_enabled=&#8221;0&#8243;][\/et_pb_image][\/et_pb_column][\/et_pb_row][et_pb_row _builder_version=&#8221;4.16&#8243; global_colors_info=&#8221;{}&#8221;][et_pb_column type=&#8221;4_4&#8243; _builder_version=&#8221;4.16&#8243; custom_padding=&#8221;|||&#8221; global_colors_info=&#8221;{}&#8221; custom_padding__hover=&#8221;|||&#8221;][et_pb_text ul_type=&#8221;none&#8221; ul_item_indent=&#8221;1px&#8221; _builder_version=&#8221;4.27.4&#8243; text_font=&#8221;||||||||&#8221; text_font_size=&#8221;16px&#8221; text_line_height=&#8221;2em&#8221; ul_font=&#8221;Muli||||||||&#8221; ul_font_size=&#8221;16px&#8221; ul_line_height=&#8221;2em&#8221; header_font=&#8221;||||||||&#8221; header_font_size=&#8221;36px&#8221; header_4_font=&#8221;Fredoka One||||||||&#8221; header_4_font_size=&#8221;22px&#8221; header_4_line_height=&#8221;1.8em&#8221; locked=&#8221;off&#8221; global_colors_info=&#8221;{}&#8221;]<\/p>\n<p><strong>Pr\u00eat... Ensemble... JOUER!<\/strong><span>\u00a0<\/span>Les enfants d&#039;aujourd&#039;hui vivent dans un monde en \u00e9volution rapide. \u00c0 Beaurepaire Pr\u00e9scolaire-nous pas que de leur donner l&#039;occasion de s&#039;arr\u00eater et de sentir les fleurs, nous les aidons \u00e0 planter quelques pour eux-m\u00eames! Notre formation inclut un Baccalaur\u00e9at en Arts de la petite Enfance et l&#039;Enseignement Primaire de l&#039;Universit\u00e9 Concordia et d&#039;un dipl\u00f4me en \u00c9ducation de la petite Enfance du Coll\u00e8ge Vanier. Ensemble, nous avons pass\u00e9 plus de 25 ans d&#039;aider les enfants \u00e0 apprendre et de grandir dans les deux pr\u00e9scolaire et primaire \u00e0 l&#039;\u00e9cole. C&#039;est un honneur et un privil\u00e8ge de travailler avec vos enfants \u00e0 explorer et \u00e0 d\u00e9couvrir.<\/p>\n<p>Notre philosophie de l&#039;\u00e9ducation int\u00e8gre de compassion, de d\u00e9vouement et de motivation tout en embrassant l&#039;individualit\u00e9 et un sens aigu de plaisir. Nous motivons nos \u00e9tudiants dans un cr\u00e9atifs, environnement stimulant et s\u00e9curitaire. De m\u00eame, nous croyons que le travail avec ces enfants, de leurs familles et de la communaut\u00e9 environnante sert \u00e0 am\u00e9liorer nos vies et de nous inspirer. Alors, venez et \u00eatre une partie de votre enfant d&#039;\u00e2ge pr\u00e9scolaire de l&#039;exp\u00e9rience. Vous et votre enfant, jouer, peindre, chanter, rire, apprendre et grandir ensemble.<\/p>\n<p><strong>C&#039;est une occasion magique, vous ne voudrez pas manquer!<\/strong><\/p>\n<p>[\/et_pb_text][\/et_pb_column][\/et_pb_row][et_pb_row _builder_version=&#8221;4.16&#8243; global_colors_info=&#8221;{}&#8221;][et_pb_column type=&#8221;4_4&#8243; _builder_version=&#8221;4.16&#8243; custom_padding=&#8221;|||&#8221; global_colors_info=&#8221;{}&#8221; custom_padding__hover=&#8221;|||&#8221;][et_pb_button button_url=&#8221;http:\/\/wp.beaurepairepreschool.com\/programs\/&#8221; button_text=&#8221;Programs&#8221; button_alignment=&#8221;center&#8221; _builder_version=&#8221;4.27.4&#8243; custom_button=&#8221;on&#8221; button_text_size=&#8221;16px&#8221; button_text_color=&#8221;#ffffff&#8221; button_bg_color=&#8221;#ff7f59&#8243; button_border_width=&#8221;12px&#8221; button_border_color=&#8221;rgba(0,0,0,0)&#8221; button_border_radius=&#8221;50px&#8221; button_letter_spacing=&#8221;4px&#8221; button_font=&#8221;Fredoka One|900||on|||||&#8221; button_icon=&#8221;&#x24;||divi||400&#8243; custom_margin=&#8221;30px||&#8221; box_shadow_style=&#8221;preset3&#8243; box_shadow_vertical=&#8221;22px&#8221; box_shadow_blur=&#8221;64px&#8221; box_shadow_spread=&#8221;-18px&#8221; box_shadow_color=&#8221;rgba(92,42,131,0.45)&#8221; locked=&#8221;off&#8221; global_colors_info=&#8221;{}&#8221; button_text_size__hover_enabled=&#8221;off&#8221; button_one_text_size__hover_enabled=&#8221;off&#8221; button_two_text_size__hover_enabled=&#8221;off&#8221; button_text_color__hover_enabled=&#8221;off&#8221; button_one_text_color__hover_enabled=&#8221;off&#8221; button_two_text_color__hover_enabled=&#8221;off&#8221; button_border_width__hover_enabled=&#8221;off&#8221; button_one_border_width__hover_enabled=&#8221;off&#8221; button_two_border_width__hover_enabled=&#8221;off&#8221; button_border_color__hover_enabled=&#8221;off&#8221; button_one_border_color__hover_enabled=&#8221;off&#8221; button_two_border_color__hover_enabled=&#8221;off&#8221; button_border_radius__hover_enabled=&#8221;off&#8221; button_one_border_radius__hover_enabled=&#8221;off&#8221; button_two_border_radius__hover_enabled=&#8221;off&#8221; button_letter_spacing__hover_enabled=&#8221;off&#8221; button_one_letter_spacing__hover_enabled=&#8221;off&#8221; button_two_letter_spacing__hover_enabled=&#8221;off&#8221; button_bg_color__hover_enabled=&#8221;off&#8221; button_one_bg_color__hover_enabled=&#8221;off&#8221; button_two_bg_color__hover_enabled=&#8221;off&#8221;][\/et_pb_button][\/et_pb_column][\/et_pb_row][\/et_pb_section][et_pb_section fb_built=&#8221;1&#8243; admin_label=&#8221;Call to Action&#8221; _builder_version=&#8221;4.16&#8243; use_background_color_gradient=&#8221;on&#8221; background_color_gradient_direction=&#8221;75deg&#8221; background_color_gradient_stops=&#8221;#ffbf86 0%|#ff5675 100%&#8221; background_color_gradient_start=&#8221;#ffbf86&#8243; background_color_gradient_end=&#8221;#ff5675&#8243; background_image=&#8221;http:\/\/wp.beaurepairepreschool.com\/wp-content\/uploads\/2024\/10\/day_care_bg_02.png&#8221; background_size=&#8221;initial&#8221; max_width=&#8221;90%&#8221; module_alignment=&#8221;center&#8221; custom_margin_tablet=&#8221;40px||||false&#8221; custom_margin_phone=&#8221;&#8221; custom_margin_last_edited=&#8221;on|phone&#8221; custom_padding=&#8221;8vw||8vw||true|false&#8221; border_radii=&#8221;on|38px|38px|38px|38px&#8221; box_shadow_style=&#8221;preset3&#8243; box_shadow_vertical=&#8221;82px&#8221; box_shadow_blur=&#8221;94px&#8221; box_shadow_spread=&#8221;-60px&#8221; box_shadow_color=&#8221;rgba(0,0,0,0.22)&#8221; global_colors_info=&#8221;{}&#8221;][et_pb_row _builder_version=&#8221;4.16&#8243; global_colors_info=&#8221;{}&#8221;][et_pb_column type=&#8221;4_4&#8243; _builder_version=&#8221;4.16&#8243; custom_padding=&#8221;|||&#8221; global_colors_info=&#8221;{}&#8221; custom_padding__hover=&#8221;|||&#8221;][et_pb_text _builder_version=&#8221;4.16&#8243; text_font=&#8221;||||||||&#8221; header_font=&#8221;||||||||&#8221; header_2_font=&#8221;Fredoka One||||||||&#8221; header_2_font_size=&#8221;60px&#8221; header_2_line_height=&#8221;1.2em&#8221; text_orientation=&#8221;center&#8221; background_layout=&#8221;dark&#8221; header_2_font_size_tablet=&#8221;50px&#8221; header_2_font_size_phone=&#8221;30px&#8221; header_2_font_size_last_edited=&#8221;on|phone&#8221; global_colors_info=&#8221;{}&#8221;]<\/p>\n<h2>Venez Nous Rendre Visite<\/h2>\n<p>[\/et_pb_text][et_pb_button button_url=&#8221;http:\/\/wp.beaurepairepreschool.com\/contact\/&#8221; button_text=&#8221;Schedule A Tour&#8221; button_alignment=&#8221;center&#8221; _builder_version=&#8221;4.27.4&#8243; custom_button=&#8221;on&#8221; button_text_size=&#8221;16px&#8221; button_text_color=&#8221;#ffffff&#8221; button_bg_color=&#8221;#ffc259&#8243; button_border_width=&#8221;12px&#8221; button_border_color=&#8221;rgba(0,0,0,0)&#8221; button_border_radius=&#8221;50px&#8221; button_letter_spacing=&#8221;4px&#8221; button_font=&#8221;Fredoka One|900||on|||||&#8221; button_icon=&#8221;&#x24;||divi||400&#8243; box_shadow_style=&#8221;preset3&#8243; box_shadow_vertical=&#8221;22px&#8221; box_shadow_blur=&#8221;64px&#8221; box_shadow_spread=&#8221;-18px&#8221; box_shadow_color=&#8221;rgba(92,42,131,0.45)&#8221; global_colors_info=&#8221;{}&#8221; button_text_size__hover_enabled=&#8221;off&#8221; button_one_text_size__hover_enabled=&#8221;off&#8221; button_two_text_size__hover_enabled=&#8221;off&#8221; button_text_color__hover_enabled=&#8221;off&#8221; button_one_text_color__hover_enabled=&#8221;off&#8221; button_two_text_color__hover_enabled=&#8221;off&#8221; button_border_width__hover_enabled=&#8221;off&#8221; button_one_border_width__hover_enabled=&#8221;off&#8221; button_two_border_width__hover_enabled=&#8221;off&#8221; button_border_color__hover_enabled=&#8221;off&#8221; button_one_border_color__hover_enabled=&#8221;off&#8221; button_two_border_color__hover_enabled=&#8221;off&#8221; button_border_radius__hover_enabled=&#8221;off&#8221; button_one_border_radius__hover_enabled=&#8221;off&#8221; button_two_border_radius__hover_enabled=&#8221;off&#8221; button_letter_spacing__hover_enabled=&#8221;off&#8221; button_one_letter_spacing__hover_enabled=&#8221;off&#8221; button_two_letter_spacing__hover_enabled=&#8221;off&#8221; button_bg_color__hover_enabled=&#8221;off&#8221; button_one_bg_color__hover_enabled=&#8221;off&#8221; button_two_bg_color__hover_enabled=&#8221;off&#8221;][\/et_pb_button][\/et_pb_column][\/et_pb_row][\/et_pb_section][et_pb_section fb_built=&#8221;1&#8243; _builder_version=&#8221;4.27.4&#8243; _module_preset=&#8221;default&#8221; background_color=&#8221;#66ccff&#8221; background_image=&#8221;http:\/\/wp.beaurepairepreschool.com\/wp-content\/uploads\/2025\/01\/reupload.png&#8221; min_height=&#8221;535px&#8221; global_colors_info=&#8221;{}&#8221;][\/et_pb_section]<\/p>","protected":false},"excerpt":{"rendered":"<p>A Message from Miss Sandra and Miss JenniferReady&#8230; Set&#8230; PLAY!\u00a0Today&#8217;s children live in a fast-paced world. At Beaurepaire Preschool we not only give them the opportunity to stop and smell the flowers, we help them plant some for themselves! Our education includes a Bachelor of Arts in Early Childhood and Elementary Education from Concordia University [&hellip;]<\/p>","protected":false},"author":1,"featured_media":0,"parent":0,"menu_order":0,"comment_status":"closed","ping_status":"closed","template":"","meta":{"_et_pb_use_builder":"on","_et_pb_old_content":"","_et_gb_content_width":"","footnotes":""},"class_list":["post-66","page","type-page","status-publish","hentry"],"_links":{"self":[{"href":"https:\/\/beaurepairepreschool.com\/fr\/wp-json\/wp\/v2\/pages\/66","targetHints":{"allow":["GET"]}}],"collection":[{"href":"https:\/\/beaurepairepreschool.com\/fr\/wp-json\/wp\/v2\/pages"}],"about":[{"href":"https:\/\/beaurepairepreschool.com\/fr\/wp-json\/wp\/v2\/types\/page"}],"author":[{"embeddable":true,"href":"https:\/\/beaurepairepreschool.com\/fr\/wp-json\/wp\/v2\/users\/1"}],"replies":[{"embeddable":true,"href":"https:\/\/beaurepairepreschool.com\/fr\/wp-json\/wp\/v2\/comments?post=66"}],"version-history":[{"count":16,"href":"https:\/\/beaurepairepreschool.com\/fr\/wp-json\/wp\/v2\/pages\/66\/revisions"}],"predecessor-version":[{"id":232,"href":"https:\/\/beaurepairepreschool.com\/fr\/wp-json\/wp\/v2\/pages\/66\/revisions\/232"}],"wp:attachment":[{"href":"https:\/\/beaurepairepreschool.com\/fr\/wp-json\/wp\/v2\/media?parent=66"}],"curies":[{"name":"wp","href":"https:\/\/api.w.org\/{rel}","templated":true}]}}